{"id":86,"date":"2019-12-18T23:52:33","date_gmt":"2019-12-18T22:52:33","guid":{"rendered":"https:\/\/www.kosydeco.fr\/kd\/?page_id=86"},"modified":"2020-11-08T18:33:49","modified_gmt":"2020-11-08T17:33:49","slug":"galerie","status":"publish","type":"page","link":"https:\/\/www.kosydeco.fr\/kd\/galerie\/","title":{"rendered":"Nos derni\u00e8res publications"},"content":{"rendered":"\t\t<div data-elementor-type=\"wp-page\" data-elementor-id=\"86\" class=\"elementor elementor-86\" data-elementor-settings=\"[]\">\n\t\t\t\t\t\t<div class=\"elementor-inner\">\n\t\t\t\t\t\t\t<div class=\"elementor-section-wrap\">\n\t\t\t\t\t\t\t<section class=\"elementor-section elementor-top-section elementor-element elementor-element-41754602 elementor-section-boxed elementor-section-height-default elementor-section-height-default\" data-id=\"41754602\" data-element_type=\"section\">\n\t\t\t\t\t\t<div class=\"elementor-container elementor-column-gap-default\">\n\t\t\t\t\t\t\t<div class=\"elementor-row\">\n\t\t\t\t\t<div class=\"elementor-column elementor-col-100 elementor-top-column elementor-element elementor-element-4a2c7205\" data-id=\"4a2c7205\" data-element_type=\"column\">\n\t\t\t<div class=\"elementor-column-wrap elementor-element-populated\">\n\t\t\t\t\t\t\t<div class=\"elementor-widget-wrap\">\n\t\t\t\t\t\t<div class=\"elementor-element elementor-element-c867e26 elementor-widget elementor-widget-text-editor\" data-id=\"c867e26\" data-element_type=\"widget\" data-widget_type=\"text-editor.default\">\n\t\t\t\t<div class=\"elementor-widget-container\">\n\t\t\t\t\t<div class=\"elementor-text-editor elementor-clearfix\"><p>\r\n<div id=\"sb_instagram\"  class=\"sbi sbi_mob_col_1 sbi_tab_col_2 sbi_col_4 sbi_width_resp\" style=\"padding-bottom: 10px;width: 100%;\" data-feedid=\"sbi_kosydeco#20\"  data-res=\"auto\" data-cols=\"4\" data-colsmobile=\"1\" data-colstablet=\"2\" data-num=\"20\" data-nummobile=\"\" data-shortcode-atts=\"{&quot;user&quot;:&quot;kosydeco&quot;,&quot;followtext&quot;:&quot;Suivez-nous sur Instagram&quot;}\"  data-postid=\"86\" data-locatornonce=\"0cd5fffcdd\" data-sbi-flags=\"favorLocal,gdpr\">\r\n\t\r\n    <div id=\"sbi_images\"  style=\"padding: 5px;\">\r\n\t\t    <\/div>\r\n\r\n\t<div id=\"sbi_load\" >\r\n\r\n\t\r\n\t\t\t<span class=\"sbi_follow_btn\">\r\n        <a href=\"https:\/\/www.instagram.com\/kosydeco\/\" target=\"_blank\" rel=\"nofollow noopener\">\r\n            <svg class=\"svg-inline--fa fa-instagram fa-w-14\" aria-hidden=\"true\" data-fa-processed=\"\" aria-label=\"Instagram\" data-prefix=\"fab\" data-icon=\"instagram\" role=\"img\" viewBox=\"0 0 448 512\">\n\t                <path fill=\"currentColor\" d=\"M224.1 141c-63.6 0-114.9 51.3-114.9 114.9s51.3 114.9 114.9 114.9S339 319.5 339 255.9 287.7 141 224.1 141zm0 189.6c-41.1 0-74.7-33.5-74.7-74.7s33.5-74.7 74.7-74.7 74.7 33.5 74.7 74.7-33.6 74.7-74.7 74.7zm146.4-194.3c0 14.9-12 26.8-26.8 26.8-14.9 0-26.8-12-26.8-26.8s12-26.8 26.8-26.8 26.8 12 26.8 26.8zm76.1 27.2c-1.7-35.9-9.9-67.7-36.2-93.9-26.2-26.2-58-34.4-93.9-36.2-37-2.1-147.9-2.1-184.9 0-35.8 1.7-67.6 9.9-93.9 36.1s-34.4 58-36.2 93.9c-2.1 37-2.1 147.9 0 184.9 1.7 35.9 9.9 67.7 36.2 93.9s58 34.4 93.9 36.2c37 2.1 147.9 2.1 184.9 0 35.9-1.7 67.7-9.9 93.9-36.2 26.2-26.2 34.4-58 36.2-93.9 2.1-37 2.1-147.8 0-184.8zM398.8 388c-7.8 19.6-22.9 34.7-42.6 42.6-29.5 11.7-99.5 9-132.1 9s-102.7 2.6-132.1-9c-19.6-7.8-34.7-22.9-42.6-42.6-11.7-29.5-9-99.5-9-132.1s-2.6-102.7 9-132.1c7.8-19.6 22.9-34.7 42.6-42.6 29.5-11.7 99.5-9 132.1-9s102.7-2.6 132.1 9c19.6 7.8 34.7 22.9 42.6 42.6 11.7 29.5 9 99.5 9 132.1s2.7 102.7-9 132.1z\"><\/path>\n\t            <\/svg>            <span>Suivez-nous sur Instagram<\/span>\r\n        <\/a>\r\n    <\/span>\r\n\t\r\n<\/div>\r\n\r\n\t    <span class=\"sbi_resized_image_data\" data-feed-id=\"sbi_kosydeco#20\" data-resized=\"[]\">\n\t<\/span>\n\t<\/div>\r\n\r\n<\/p><\/div>\n\t\t\t\t<\/div>\n\t\t\t\t<\/div>\n\t\t\t\t\t\t<\/div>\n\t\t\t\t\t<\/div>\n\t\t<\/div>\n\t\t\t\t\t\t\t\t<\/div>\n\t\t\t\t\t<\/div>\n\t\t<\/section>\n\t\t\t\t\t\t<\/div>\n\t\t\t\t\t\t<\/div>\n\t\t\t\t\t<\/div>\n\t\t","protected":false},"excerpt":{"rendered":"","protected":false},"author":1,"featured_media":0,"parent":0,"menu_order":0,"comment_status":"closed","ping_status":"closed","template":"","meta":{"footnotes":""},"yoast_head":"<!-- This site is optimized with the Yoast SEO plugin v22.0 - https:\/\/yoast.com\/wordpress\/plugins\/seo\/ -->\n<title>Nos derni\u00e8res publications - Kosydeco Peintre Coloriste<\/title>\n<meta name=\"robots\" content=\"index, follow, max-snippet:-1, max-image-preview:large, max-video-preview:-1\" \/>\n<link rel=\"canonical\" href=\"https:\/\/www.kosydeco.fr\/kd\/galerie\/\" \/>\n<meta property=\"og:locale\" content=\"fr_FR\" \/>\n<meta property=\"og:type\" content=\"article\" \/>\n<meta property=\"og:title\" content=\"Nos derni\u00e8res publications - Kosydeco Peintre Coloriste\" \/>\n<meta property=\"og:url\" content=\"https:\/\/www.kosydeco.fr\/kd\/galerie\/\" \/>\n<meta property=\"og:site_name\" content=\"Kosydeco Peintre Coloriste\" \/>\n<meta property=\"article:modified_time\" content=\"2020-11-08T17:33:49+00:00\" \/>\n<meta name=\"twitter:card\" content=\"summary_large_image\" \/>\n<script type=\"application\/ld+json\" class=\"yoast-schema-graph\">{\"@context\":\"https:\/\/schema.org\",\"@graph\":[{\"@type\":\"WebPage\",\"@id\":\"https:\/\/www.kosydeco.fr\/kd\/galerie\/\",\"url\":\"https:\/\/www.kosydeco.fr\/kd\/galerie\/\",\"name\":\"Nos derni\u00e8res publications - Kosydeco Peintre Coloriste\",\"isPartOf\":{\"@id\":\"https:\/\/www.kosydeco.fr\/kd\/#website\"},\"datePublished\":\"2019-12-18T22:52:33+00:00\",\"dateModified\":\"2020-11-08T17:33:49+00:00\",\"breadcrumb\":{\"@id\":\"https:\/\/www.kosydeco.fr\/kd\/galerie\/#breadcrumb\"},\"inLanguage\":\"fr-FR\",\"potentialAction\":[{\"@type\":\"ReadAction\",\"target\":[\"https:\/\/www.kosydeco.fr\/kd\/galerie\/\"]}]},{\"@type\":\"BreadcrumbList\",\"@id\":\"https:\/\/www.kosydeco.fr\/kd\/galerie\/#breadcrumb\",\"itemListElement\":[{\"@type\":\"ListItem\",\"position\":1,\"name\":\"Accueil\",\"item\":\"https:\/\/www.kosydeco.fr\/kd\/\"},{\"@type\":\"ListItem\",\"position\":2,\"name\":\"Nos derni\u00e8res publications\"}]},{\"@type\":\"WebSite\",\"@id\":\"https:\/\/www.kosydeco.fr\/kd\/#website\",\"url\":\"https:\/\/www.kosydeco.fr\/kd\/\",\"name\":\"Kosydeco Peintre Coloriste\",\"description\":\"Kosydeco sp\u00e9cialis\u00e9e dans la peinture, la d\u00e9coration d&#039;int\u00e9rieur, la confection de rideaux et la r\u00e9fection de fauteuils sur la r\u00e9gion nantaise.\",\"publisher\":{\"@id\":\"https:\/\/www.kosydeco.fr\/kd\/#organization\"},\"potentialAction\":[{\"@type\":\"SearchAction\",\"target\":{\"@type\":\"EntryPoint\",\"urlTemplate\":\"https:\/\/www.kosydeco.fr\/kd\/?s={search_term_string}\"},\"query-input\":\"required name=search_term_string\"}],\"inLanguage\":\"fr-FR\"},{\"@type\":\"Organization\",\"@id\":\"https:\/\/www.kosydeco.fr\/kd\/#organization\",\"name\":\"Kosydeco Peintre Coloriste\",\"url\":\"https:\/\/www.kosydeco.fr\/kd\/\",\"logo\":{\"@type\":\"ImageObject\",\"inLanguage\":\"fr-FR\",\"@id\":\"https:\/\/www.kosydeco.fr\/kd\/#\/schema\/logo\/image\/\",\"url\":\"https:\/\/www.kosydeco.fr\/kd\/wp-content\/uploads\/2024\/02\/Plan-de-travail-1.png\",\"contentUrl\":\"https:\/\/www.kosydeco.fr\/kd\/wp-content\/uploads\/2024\/02\/Plan-de-travail-1.png\",\"width\":166,\"height\":136,\"caption\":\"Kosydeco Peintre Coloriste\"},\"image\":{\"@id\":\"https:\/\/www.kosydeco.fr\/kd\/#\/schema\/logo\/image\/\"}}]}<\/script>\n<!-- \/ Yoast SEO plugin. -->","yoast_head_json":{"title":"Nos derni\u00e8res publications - Kosydeco Peintre Coloriste","robots":{"index":"index","follow":"follow","max-snippet":"max-snippet:-1","max-image-preview":"max-image-preview:large","max-video-preview":"max-video-preview:-1"},"canonical":"https:\/\/www.kosydeco.fr\/kd\/galerie\/","og_locale":"fr_FR","og_type":"article","og_title":"Nos derni\u00e8res publications - Kosydeco Peintre Coloriste","og_url":"https:\/\/www.kosydeco.fr\/kd\/galerie\/","og_site_name":"Kosydeco Peintre Coloriste","article_modified_time":"2020-11-08T17:33:49+00:00","twitter_card":"summary_large_image","schema":{"@context":"https:\/\/schema.org","@graph":[{"@type":"WebPage","@id":"https:\/\/www.kosydeco.fr\/kd\/galerie\/","url":"https:\/\/www.kosydeco.fr\/kd\/galerie\/","name":"Nos derni\u00e8res publications - Kosydeco Peintre Coloriste","isPartOf":{"@id":"https:\/\/www.kosydeco.fr\/kd\/#website"},"datePublished":"2019-12-18T22:52:33+00:00","dateModified":"2020-11-08T17:33:49+00:00","breadcrumb":{"@id":"https:\/\/www.kosydeco.fr\/kd\/galerie\/#breadcrumb"},"inLanguage":"fr-FR","potentialAction":[{"@type":"ReadAction","target":["https:\/\/www.kosydeco.fr\/kd\/galerie\/"]}]},{"@type":"BreadcrumbList","@id":"https:\/\/www.kosydeco.fr\/kd\/galerie\/#breadcrumb","itemListElement":[{"@type":"ListItem","position":1,"name":"Accueil","item":"https:\/\/www.kosydeco.fr\/kd\/"},{"@type":"ListItem","position":2,"name":"Nos derni\u00e8res publications"}]},{"@type":"WebSite","@id":"https:\/\/www.kosydeco.fr\/kd\/#website","url":"https:\/\/www.kosydeco.fr\/kd\/","name":"Kosydeco Peintre Coloriste","description":"Kosydeco sp\u00e9cialis\u00e9e dans la peinture, la d\u00e9coration d&#039;int\u00e9rieur, la confection de rideaux et la r\u00e9fection de fauteuils sur la r\u00e9gion nantaise.","publisher":{"@id":"https:\/\/www.kosydeco.fr\/kd\/#organization"},"potentialAction":[{"@type":"SearchAction","target":{"@type":"EntryPoint","urlTemplate":"https:\/\/www.kosydeco.fr\/kd\/?s={search_term_string}"},"query-input":"required name=search_term_string"}],"inLanguage":"fr-FR"},{"@type":"Organization","@id":"https:\/\/www.kosydeco.fr\/kd\/#organization","name":"Kosydeco Peintre Coloriste","url":"https:\/\/www.kosydeco.fr\/kd\/","logo":{"@type":"ImageObject","inLanguage":"fr-FR","@id":"https:\/\/www.kosydeco.fr\/kd\/#\/schema\/logo\/image\/","url":"https:\/\/www.kosydeco.fr\/kd\/wp-content\/uploads\/2024\/02\/Plan-de-travail-1.png","contentUrl":"https:\/\/www.kosydeco.fr\/kd\/wp-content\/uploads\/2024\/02\/Plan-de-travail-1.png","width":166,"height":136,"caption":"Kosydeco Peintre Coloriste"},"image":{"@id":"https:\/\/www.kosydeco.fr\/kd\/#\/schema\/logo\/image\/"}}]}},"_links":{"self":[{"href":"https:\/\/www.kosydeco.fr\/kd\/wp-json\/wp\/v2\/pages\/86"}],"collection":[{"href":"https:\/\/www.kosydeco.fr\/kd\/wp-json\/wp\/v2\/pages"}],"about":[{"href":"https:\/\/www.kosydeco.fr\/kd\/wp-json\/wp\/v2\/types\/page"}],"author":[{"embeddable":true,"href":"https:\/\/www.kosydeco.fr\/kd\/wp-json\/wp\/v2\/users\/1"}],"replies":[{"embeddable":true,"href":"https:\/\/www.kosydeco.fr\/kd\/wp-json\/wp\/v2\/comments?post=86"}],"version-history":[{"count":22,"href":"https:\/\/www.kosydeco.fr\/kd\/wp-json\/wp\/v2\/pages\/86\/revisions"}],"predecessor-version":[{"id":2291,"href":"https:\/\/www.kosydeco.fr\/kd\/wp-json\/wp\/v2\/pages\/86\/revisions\/2291"}],"wp:attachment":[{"href":"https:\/\/www.kosydeco.fr\/kd\/wp-json\/wp\/v2\/media?parent=86"}],"curies":[{"name":"wp","href":"https:\/\/api.w.org\/{rel}","templated":true}]}}