{"id":1874,"date":"2020-10-01T23:02:17","date_gmt":"2020-10-01T21:02:17","guid":{"rendered":"https:\/\/www.kosydeco.fr\/kd\/?page_id=1874"},"modified":"2020-11-11T11:14:21","modified_gmt":"2020-11-11T10:14:21","slug":"realisation-de-fresques-murales","status":"publish","type":"page","link":"https:\/\/www.kosydeco.fr\/kd\/realisation-de-fresques-murales\/","title":{"rendered":"R\u00e9alisation de fresques murales"},"content":{"rendered":"\t\t<div data-elementor-type=\"wp-page\" data-elementor-id=\"1874\" class=\"elementor elementor-1874\" data-elementor-settings=\"[]\">\n\t\t\t\t\t\t<div class=\"elementor-inner\">\n\t\t\t\t\t\t\t<div class=\"elementor-section-wrap\">\n\t\t\t\t\t\t\t<section class=\"elementor-section elementor-top-section elementor-element elementor-element-784f8d4 elementor-section-boxed elementor-section-height-default elementor-section-height-default\" data-id=\"784f8d4\" data-element_type=\"section\">\n\t\t\t\t\t\t<div class=\"elementor-container elementor-column-gap-default\">\n\t\t\t\t\t\t\t<div class=\"elementor-row\">\n\t\t\t\t\t<div class=\"elementor-column elementor-col-100 elementor-top-column elementor-element elementor-element-b4eeec4\" data-id=\"b4eeec4\" data-element_type=\"column\">\n\t\t\t<div class=\"elementor-column-wrap elementor-element-populated\">\n\t\t\t\t\t\t\t<div class=\"elementor-widget-wrap\">\n\t\t\t\t\t\t<div class=\"elementor-element elementor-element-e663465 elementor-widget elementor-widget-text-editor\" data-id=\"e663465\" data-element_type=\"widget\" data-widget_type=\"text-editor.default\">\n\t\t\t\t<div class=\"elementor-widget-container\">\n\t\t\t\t\t<div class=\"elementor-text-editor elementor-clearfix\"><p><strong>KOSYDECO\u00a0<\/strong>r\u00e9alise votre <b>fresque murale<\/b> ou <b>trompe l&#8217;\u0153il<\/b>\u00a0suivant vos envies !<\/p><p>Envie d&#8217;un espace ambiance jungle ? avec des oiseaux ? envie de faire rentrer la nature dans votre salon ou bureau ? Tout est possible !<\/p><h3>KOSYDECO s\u00e9lectionne les teintes et les couleurs adapt\u00e9es \u00e0 votre fresque murale.<\/h3><p>Ces <b>peintures murales artistiques<\/b> am\u00e8nent originalit\u00e9 et surtout une r\u00e9alisation personnalis\u00e9e et unique, en donnant vie \u00e0 votre projet.<\/p><\/div>\n\t\t\t\t<\/div>\n\t\t\t\t<\/div>\n\t\t\t\t\t\t<\/div>\n\t\t\t\t\t<\/div>\n\t\t<\/div>\n\t\t\t\t\t\t\t\t<\/div>\n\t\t\t\t\t<\/div>\n\t\t<\/section>\n\t\t\t\t<section class=\"elementor-section elementor-top-section elementor-element elementor-element-cd4032e elementor-section-boxed elementor-section-height-default elementor-section-height-default\" data-id=\"cd4032e\" data-element_type=\"section\">\n\t\t\t\t\t\t<div class=\"elementor-container elementor-column-gap-default\">\n\t\t\t\t\t\t\t<div class=\"elementor-row\">\n\t\t\t\t\t<div class=\"elementor-column elementor-col-50 elementor-top-column elementor-element elementor-element-68d2606\" data-id=\"68d2606\" data-element_type=\"column\">\n\t\t\t<div class=\"elementor-column-wrap elementor-element-populated\">\n\t\t\t\t\t\t\t<div class=\"elementor-widget-wrap\">\n\t\t\t\t\t\t<div class=\"elementor-element elementor-element-9653ef7 elementor-widget elementor-widget-image\" data-id=\"9653ef7\" data-element_type=\"widget\" data-widget_type=\"image.default\">\n\t\t\t\t<div class=\"elementor-widget-container\">\n\t\t\t\t\t<div class=\"elementor-image\">\n\t\t\t\t\t\t\t\t\t\t<img loading=\"lazy\" decoding=\"async\" width=\"200\" height=\"300\" src=\"https:\/\/www.kosydeco.fr\/kd\/wp-content\/uploads\/2020\/10\/IMG_3151-200x300.jpg\" class=\"attachment-medium size-medium\" alt=\"fresque murale kosydeco peinture murale artistique\" srcset=\"https:\/\/www.kosydeco.fr\/kd\/wp-content\/uploads\/2020\/10\/IMG_3151-200x300.jpg 200w, https:\/\/www.kosydeco.fr\/kd\/wp-content\/uploads\/2020\/10\/IMG_3151-683x1024.jpg 683w, https:\/\/www.kosydeco.fr\/kd\/wp-content\/uploads\/2020\/10\/IMG_3151-768x1152.jpg 768w, https:\/\/www.kosydeco.fr\/kd\/wp-content\/uploads\/2020\/10\/IMG_3151-1024x1536.jpg 1024w, https:\/\/www.kosydeco.fr\/kd\/wp-content\/uploads\/2020\/10\/IMG_3151-1365x2048.jpg 1365w, https:\/\/www.kosydeco.fr\/kd\/wp-content\/uploads\/2020\/10\/IMG_3151-scaled.jpg 1706w\" sizes=\"(max-width: 200px) 100vw, 200px\" \/>\t\t\t\t\t\t\t\t\t\t\t<\/div>\n\t\t\t\t<\/div>\n\t\t\t\t<\/div>\n\t\t\t\t\t\t<\/div>\n\t\t\t\t\t<\/div>\n\t\t<\/div>\n\t\t\t\t<div class=\"elementor-column elementor-col-50 elementor-top-column elementor-element elementor-element-4571f1c\" data-id=\"4571f1c\" data-element_type=\"column\">\n\t\t\t<div class=\"elementor-column-wrap elementor-element-populated\">\n\t\t\t\t\t\t\t<div class=\"elementor-widget-wrap\">\n\t\t\t\t\t\t<div class=\"elementor-element elementor-element-ad1cef3 elementor-widget elementor-widget-image\" data-id=\"ad1cef3\" data-element_type=\"widget\" data-widget_type=\"image.default\">\n\t\t\t\t<div class=\"elementor-widget-container\">\n\t\t\t\t\t<div class=\"elementor-image\">\n\t\t\t\t\t\t\t\t\t\t<img loading=\"lazy\" decoding=\"async\" width=\"768\" height=\"512\" src=\"https:\/\/www.kosydeco.fr\/kd\/wp-content\/uploads\/2020\/10\/IMG_3141-768x512.jpg\" class=\"attachment-medium_large size-medium_large\" alt=\"fresque murale kosydeco peinture murale artistique\" srcset=\"https:\/\/www.kosydeco.fr\/kd\/wp-content\/uploads\/2020\/10\/IMG_3141-768x512.jpg 768w, https:\/\/www.kosydeco.fr\/kd\/wp-content\/uploads\/2020\/10\/IMG_3141-300x200.jpg 300w, https:\/\/www.kosydeco.fr\/kd\/wp-content\/uploads\/2020\/10\/IMG_3141-1024x683.jpg 1024w, https:\/\/www.kosydeco.fr\/kd\/wp-content\/uploads\/2020\/10\/IMG_3141-1536x1024.jpg 1536w, https:\/\/www.kosydeco.fr\/kd\/wp-content\/uploads\/2020\/10\/IMG_3141-2048x1365.jpg 2048w\" sizes=\"(max-width: 768px) 100vw, 768px\" \/>\t\t\t\t\t\t\t\t\t\t\t<\/div>\n\t\t\t\t<\/div>\n\t\t\t\t<\/div>\n\t\t\t\t\t\t<\/div>\n\t\t\t\t\t<\/div>\n\t\t<\/div>\n\t\t\t\t\t\t\t\t<\/div>\n\t\t\t\t\t<\/div>\n\t\t<\/section>\n\t\t\t\t<section class=\"elementor-section elementor-top-section elementor-element elementor-element-c97ad3a elementor-section-boxed elementor-section-height-default elementor-section-height-default\" data-id=\"c97ad3a\" data-element_type=\"section\">\n\t\t\t\t\t\t<div class=\"elementor-container elementor-column-gap-default\">\n\t\t\t\t\t\t\t<div class=\"elementor-row\">\n\t\t\t\t\t<div class=\"elementor-column elementor-col-33 elementor-top-column elementor-element elementor-element-c8060ac\" data-id=\"c8060ac\" data-element_type=\"column\">\n\t\t\t<div class=\"elementor-column-wrap elementor-element-populated\">\n\t\t\t\t\t\t\t<div class=\"elementor-widget-wrap\">\n\t\t\t\t\t\t<div class=\"elementor-element elementor-element-10697d1 elementor-widget elementor-widget-image\" data-id=\"10697d1\" data-element_type=\"widget\" data-widget_type=\"image.default\">\n\t\t\t\t<div class=\"elementor-widget-container\">\n\t\t\t\t\t<div class=\"elementor-image\">\n\t\t\t\t\t\t\t\t\t\t<img loading=\"lazy\" decoding=\"async\" width=\"1365\" height=\"2048\" src=\"https:\/\/www.kosydeco.fr\/kd\/wp-content\/uploads\/2020\/10\/IMG_3283-1365x2048.jpg\" class=\"attachment-2048x2048 size-2048x2048\" alt=\"fresque murale kosydeco peinture murale artistique\" srcset=\"https:\/\/www.kosydeco.fr\/kd\/wp-content\/uploads\/2020\/10\/IMG_3283-1365x2048.jpg 1365w, https:\/\/www.kosydeco.fr\/kd\/wp-content\/uploads\/2020\/10\/IMG_3283-200x300.jpg 200w, https:\/\/www.kosydeco.fr\/kd\/wp-content\/uploads\/2020\/10\/IMG_3283-683x1024.jpg 683w, https:\/\/www.kosydeco.fr\/kd\/wp-content\/uploads\/2020\/10\/IMG_3283-768x1152.jpg 768w, https:\/\/www.kosydeco.fr\/kd\/wp-content\/uploads\/2020\/10\/IMG_3283-1024x1536.jpg 1024w, https:\/\/www.kosydeco.fr\/kd\/wp-content\/uploads\/2020\/10\/IMG_3283-scaled-e1604440884834.jpg 1000w\" sizes=\"(max-width: 1365px) 100vw, 1365px\" \/>\t\t\t\t\t\t\t\t\t\t\t<\/div>\n\t\t\t\t<\/div>\n\t\t\t\t<\/div>\n\t\t\t\t\t\t<\/div>\n\t\t\t\t\t<\/div>\n\t\t<\/div>\n\t\t\t\t<div class=\"elementor-column elementor-col-33 elementor-top-column elementor-element elementor-element-8baafb1\" data-id=\"8baafb1\" data-element_type=\"column\">\n\t\t\t<div class=\"elementor-column-wrap elementor-element-populated\">\n\t\t\t\t\t\t\t<div class=\"elementor-widget-wrap\">\n\t\t\t\t\t\t<div class=\"elementor-element elementor-element-599b313 elementor-widget elementor-widget-image\" data-id=\"599b313\" data-element_type=\"widget\" data-widget_type=\"image.default\">\n\t\t\t\t<div class=\"elementor-widget-container\">\n\t\t\t\t\t<div class=\"elementor-image\">\n\t\t\t\t\t\t\t\t\t\t<img loading=\"lazy\" decoding=\"async\" width=\"2560\" height=\"1707\" src=\"https:\/\/www.kosydeco.fr\/kd\/wp-content\/uploads\/2020\/10\/IMG_3262-scaled.jpg\" class=\"attachment-full size-full\" alt=\"fresque murale kosydeco peinture murale artistique\" srcset=\"https:\/\/www.kosydeco.fr\/kd\/wp-content\/uploads\/2020\/10\/IMG_3262-scaled.jpg 2560w, https:\/\/www.kosydeco.fr\/kd\/wp-content\/uploads\/2020\/10\/IMG_3262-300x200.jpg 300w, https:\/\/www.kosydeco.fr\/kd\/wp-content\/uploads\/2020\/10\/IMG_3262-1024x683.jpg 1024w, https:\/\/www.kosydeco.fr\/kd\/wp-content\/uploads\/2020\/10\/IMG_3262-768x512.jpg 768w, https:\/\/www.kosydeco.fr\/kd\/wp-content\/uploads\/2020\/10\/IMG_3262-1536x1024.jpg 1536w, https:\/\/www.kosydeco.fr\/kd\/wp-content\/uploads\/2020\/10\/IMG_3262-2048x1365.jpg 2048w\" sizes=\"(max-width: 2560px) 100vw, 2560px\" \/>\t\t\t\t\t\t\t\t\t\t\t<\/div>\n\t\t\t\t<\/div>\n\t\t\t\t<\/div>\n\t\t\t\t\t\t<\/div>\n\t\t\t\t\t<\/div>\n\t\t<\/div>\n\t\t\t\t<div class=\"elementor-column elementor-col-33 elementor-top-column elementor-element elementor-element-14fff2a\" data-id=\"14fff2a\" data-element_type=\"column\">\n\t\t\t<div class=\"elementor-column-wrap elementor-element-populated\">\n\t\t\t\t\t\t\t<div class=\"elementor-widget-wrap\">\n\t\t\t\t\t\t<div class=\"elementor-element elementor-element-2c3b022 elementor-widget elementor-widget-image\" data-id=\"2c3b022\" data-element_type=\"widget\" data-widget_type=\"image.default\">\n\t\t\t\t<div class=\"elementor-widget-container\">\n\t\t\t\t\t<div class=\"elementor-image\">\n\t\t\t\t\t\t\t\t\t\t<img loading=\"lazy\" decoding=\"async\" width=\"1657\" height=\"2048\" src=\"https:\/\/www.kosydeco.fr\/kd\/wp-content\/uploads\/2020\/10\/IMG_20200204_093459-1657x2048.jpg\" class=\"attachment-2048x2048 size-2048x2048\" alt=\"restaurant le phare fresque murale kosydeco peinture murale artistique\" srcset=\"https:\/\/www.kosydeco.fr\/kd\/wp-content\/uploads\/2020\/10\/IMG_20200204_093459-1657x2048.jpg 1657w, https:\/\/www.kosydeco.fr\/kd\/wp-content\/uploads\/2020\/10\/IMG_20200204_093459-243x300.jpg 243w, https:\/\/www.kosydeco.fr\/kd\/wp-content\/uploads\/2020\/10\/IMG_20200204_093459-828x1024.jpg 828w, https:\/\/www.kosydeco.fr\/kd\/wp-content\/uploads\/2020\/10\/IMG_20200204_093459-768x949.jpg 768w, https:\/\/www.kosydeco.fr\/kd\/wp-content\/uploads\/2020\/10\/IMG_20200204_093459-1242x1536.jpg 1242w\" sizes=\"(max-width: 1657px) 100vw, 1657px\" \/>\t\t\t\t\t\t\t\t\t\t\t<\/div>\n\t\t\t\t<\/div>\n\t\t\t\t<\/div>\n\t\t\t\t\t\t<\/div>\n\t\t\t\t\t<\/div>\n\t\t<\/div>\n\t\t\t\t\t\t\t\t<\/div>\n\t\t\t\t\t<\/div>\n\t\t<\/section>\n\t\t\t\t<section class=\"elementor-section elementor-top-section elementor-element elementor-element-c88f929 elementor-section-boxed elementor-section-height-default elementor-section-height-default\" data-id=\"c88f929\" data-element_type=\"section\">\n\t\t\t\t\t\t<div class=\"elementor-container elementor-column-gap-default\">\n\t\t\t\t\t\t\t<div class=\"elementor-row\">\n\t\t\t\t\t<div class=\"elementor-column elementor-col-100 elementor-top-column elementor-element elementor-element-a3b3c18\" data-id=\"a3b3c18\" data-element_type=\"column\">\n\t\t\t<div class=\"elementor-column-wrap elementor-element-populated\">\n\t\t\t\t\t\t\t<div class=\"elementor-widget-wrap\">\n\t\t\t\t\t\t<div class=\"elementor-element elementor-element-efbb8d0 elementor-align-center elementor-widget elementor-widget-button\" data-id=\"efbb8d0\" data-element_type=\"widget\" data-widget_type=\"button.default\">\n\t\t\t\t<div class=\"elementor-widget-container\">\n\t\t\t\t\t<div class=\"elementor-button-wrapper\">\n\t\t\t<a href=\"#\" class=\"elementor-button-link elementor-button elementor-size-sm\" role=\"button\">\n\t\t\t\t\t\t<span class=\"elementor-button-content-wrapper\">\n\t\t\t\t\t\t<span class=\"elementor-button-text\">D\u00e9couvrir aussi nos r\u00e9alisations en r\u00e9fection de fauteuils<\/span>\n\t\t<\/span>\n\t\t\t\t\t<\/a>\n\t\t<\/div>\n\t\t\t\t<\/div>\n\t\t\t\t<\/div>\n\t\t\t\t\t\t<\/div>\n\t\t\t\t\t<\/div>\n\t\t<\/div>\n\t\t\t\t\t\t\t\t<\/div>\n\t\t\t\t\t<\/div>\n\t\t<\/section>\n\t\t\t\t\t\t<\/div>\n\t\t\t\t\t\t<\/div>\n\t\t\t\t\t<\/div>\n\t\t","protected":false},"excerpt":{"rendered":"<p>KOSYDECO\u00a0r\u00e9alise votre fresque murale ou trompe l&#8217;\u0153il\u00a0suivant vos envies ! Envie d&#8217;un espace ambiance jungle ? avec des oiseaux ? envie de faire rentrer la nature dans votre salon ou &#8230;<\/p>\n","protected":false},"author":4,"featured_media":0,"parent":0,"menu_order":0,"comment_status":"closed","ping_status":"closed","template":"","meta":{"footnotes":""},"yoast_head":"<!-- This site is optimized with the Yoast SEO plugin v22.0 - https:\/\/yoast.com\/wordpress\/plugins\/seo\/ -->\n<title>R\u00e9alisation de fresques murales - Kosydeco Peintre Coloriste<\/title>\n<meta name=\"robots\" content=\"index, follow, max-snippet:-1, max-image-preview:large, max-video-preview:-1\" \/>\n<link rel=\"canonical\" href=\"https:\/\/www.kosydeco.fr\/kd\/realisation-de-fresques-murales\/\" \/>\n<meta property=\"og:locale\" content=\"fr_FR\" \/>\n<meta property=\"og:type\" content=\"article\" \/>\n<meta property=\"og:title\" content=\"R\u00e9alisation de fresques murales - Kosydeco Peintre Coloriste\" \/>\n<meta property=\"og:description\" content=\"KOSYDECO\u00a0r\u00e9alise votre fresque murale ou trompe l&#8217;\u0153il\u00a0suivant vos envies ! Envie d&#8217;un espace ambiance jungle ? avec des oiseaux ? envie de faire rentrer la nature dans votre salon ou ...\" \/>\n<meta property=\"og:url\" content=\"https:\/\/www.kosydeco.fr\/kd\/realisation-de-fresques-murales\/\" \/>\n<meta property=\"og:site_name\" content=\"Kosydeco Peintre Coloriste\" \/>\n<meta property=\"article:modified_time\" content=\"2020-11-11T10:14:21+00:00\" \/>\n<meta property=\"og:image\" content=\"https:\/\/www.kosydeco.fr\/kd\/wp-content\/uploads\/2020\/10\/IMG_3151-200x300.jpg\" \/>\n<meta name=\"twitter:card\" content=\"summary_large_image\" \/>\n<script type=\"application\/ld+json\" class=\"yoast-schema-graph\">{\"@context\":\"https:\/\/schema.org\",\"@graph\":[{\"@type\":\"WebPage\",\"@id\":\"https:\/\/www.kosydeco.fr\/kd\/realisation-de-fresques-murales\/\",\"url\":\"https:\/\/www.kosydeco.fr\/kd\/realisation-de-fresques-murales\/\",\"name\":\"R\u00e9alisation de fresques murales - Kosydeco Peintre Coloriste\",\"isPartOf\":{\"@id\":\"https:\/\/www.kosydeco.fr\/kd\/#website\"},\"datePublished\":\"2020-10-01T21:02:17+00:00\",\"dateModified\":\"2020-11-11T10:14:21+00:00\",\"breadcrumb\":{\"@id\":\"https:\/\/www.kosydeco.fr\/kd\/realisation-de-fresques-murales\/#breadcrumb\"},\"inLanguage\":\"fr-FR\",\"potentialAction\":[{\"@type\":\"ReadAction\",\"target\":[\"https:\/\/www.kosydeco.fr\/kd\/realisation-de-fresques-murales\/\"]}]},{\"@type\":\"BreadcrumbList\",\"@id\":\"https:\/\/www.kosydeco.fr\/kd\/realisation-de-fresques-murales\/#breadcrumb\",\"itemListElement\":[{\"@type\":\"ListItem\",\"position\":1,\"name\":\"Accueil\",\"item\":\"https:\/\/www.kosydeco.fr\/kd\/\"},{\"@type\":\"ListItem\",\"position\":2,\"name\":\"R\u00e9alisation de fresques murales\"}]},{\"@type\":\"WebSite\",\"@id\":\"https:\/\/www.kosydeco.fr\/kd\/#website\",\"url\":\"https:\/\/www.kosydeco.fr\/kd\/\",\"name\":\"Kosydeco Peintre Coloriste\",\"description\":\"Kosydeco sp\u00e9cialis\u00e9e dans la peinture, la d\u00e9coration d&#039;int\u00e9rieur, la confection de rideaux et la r\u00e9fection de fauteuils sur la r\u00e9gion nantaise.\",\"publisher\":{\"@id\":\"https:\/\/www.kosydeco.fr\/kd\/#organization\"},\"potentialAction\":[{\"@type\":\"SearchAction\",\"target\":{\"@type\":\"EntryPoint\",\"urlTemplate\":\"https:\/\/www.kosydeco.fr\/kd\/?s={search_term_string}\"},\"query-input\":\"required name=search_term_string\"}],\"inLanguage\":\"fr-FR\"},{\"@type\":\"Organization\",\"@id\":\"https:\/\/www.kosydeco.fr\/kd\/#organization\",\"name\":\"Kosydeco Peintre Coloriste\",\"url\":\"https:\/\/www.kosydeco.fr\/kd\/\",\"logo\":{\"@type\":\"ImageObject\",\"inLanguage\":\"fr-FR\",\"@id\":\"https:\/\/www.kosydeco.fr\/kd\/#\/schema\/logo\/image\/\",\"url\":\"https:\/\/www.kosydeco.fr\/kd\/wp-content\/uploads\/2024\/02\/Plan-de-travail-1.png\",\"contentUrl\":\"https:\/\/www.kosydeco.fr\/kd\/wp-content\/uploads\/2024\/02\/Plan-de-travail-1.png\",\"width\":166,\"height\":136,\"caption\":\"Kosydeco Peintre Coloriste\"},\"image\":{\"@id\":\"https:\/\/www.kosydeco.fr\/kd\/#\/schema\/logo\/image\/\"}}]}<\/script>\n<!-- \/ Yoast SEO plugin. -->","yoast_head_json":{"title":"R\u00e9alisation de fresques murales - Kosydeco Peintre Coloriste","robots":{"index":"index","follow":"follow","max-snippet":"max-snippet:-1","max-image-preview":"max-image-preview:large","max-video-preview":"max-video-preview:-1"},"canonical":"https:\/\/www.kosydeco.fr\/kd\/realisation-de-fresques-murales\/","og_locale":"fr_FR","og_type":"article","og_title":"R\u00e9alisation de fresques murales - Kosydeco Peintre Coloriste","og_description":"KOSYDECO\u00a0r\u00e9alise votre fresque murale ou trompe l&#8217;\u0153il\u00a0suivant vos envies ! Envie d&#8217;un espace ambiance jungle ? avec des oiseaux ? envie de faire rentrer la nature dans votre salon ou ...","og_url":"https:\/\/www.kosydeco.fr\/kd\/realisation-de-fresques-murales\/","og_site_name":"Kosydeco Peintre Coloriste","article_modified_time":"2020-11-11T10:14:21+00:00","og_image":[{"url":"https:\/\/www.kosydeco.fr\/kd\/wp-content\/uploads\/2020\/10\/IMG_3151-200x300.jpg"}],"twitter_card":"summary_large_image","schema":{"@context":"https:\/\/schema.org","@graph":[{"@type":"WebPage","@id":"https:\/\/www.kosydeco.fr\/kd\/realisation-de-fresques-murales\/","url":"https:\/\/www.kosydeco.fr\/kd\/realisation-de-fresques-murales\/","name":"R\u00e9alisation de fresques murales - Kosydeco Peintre Coloriste","isPartOf":{"@id":"https:\/\/www.kosydeco.fr\/kd\/#website"},"datePublished":"2020-10-01T21:02:17+00:00","dateModified":"2020-11-11T10:14:21+00:00","breadcrumb":{"@id":"https:\/\/www.kosydeco.fr\/kd\/realisation-de-fresques-murales\/#breadcrumb"},"inLanguage":"fr-FR","potentialAction":[{"@type":"ReadAction","target":["https:\/\/www.kosydeco.fr\/kd\/realisation-de-fresques-murales\/"]}]},{"@type":"BreadcrumbList","@id":"https:\/\/www.kosydeco.fr\/kd\/realisation-de-fresques-murales\/#breadcrumb","itemListElement":[{"@type":"ListItem","position":1,"name":"Accueil","item":"https:\/\/www.kosydeco.fr\/kd\/"},{"@type":"ListItem","position":2,"name":"R\u00e9alisation de fresques murales"}]},{"@type":"WebSite","@id":"https:\/\/www.kosydeco.fr\/kd\/#website","url":"https:\/\/www.kosydeco.fr\/kd\/","name":"Kosydeco Peintre Coloriste","description":"Kosydeco sp\u00e9cialis\u00e9e dans la peinture, la d\u00e9coration d&#039;int\u00e9rieur, la confection de rideaux et la r\u00e9fection de fauteuils sur la r\u00e9gion nantaise.","publisher":{"@id":"https:\/\/www.kosydeco.fr\/kd\/#organization"},"potentialAction":[{"@type":"SearchAction","target":{"@type":"EntryPoint","urlTemplate":"https:\/\/www.kosydeco.fr\/kd\/?s={search_term_string}"},"query-input":"required name=search_term_string"}],"inLanguage":"fr-FR"},{"@type":"Organization","@id":"https:\/\/www.kosydeco.fr\/kd\/#organization","name":"Kosydeco Peintre Coloriste","url":"https:\/\/www.kosydeco.fr\/kd\/","logo":{"@type":"ImageObject","inLanguage":"fr-FR","@id":"https:\/\/www.kosydeco.fr\/kd\/#\/schema\/logo\/image\/","url":"https:\/\/www.kosydeco.fr\/kd\/wp-content\/uploads\/2024\/02\/Plan-de-travail-1.png","contentUrl":"https:\/\/www.kosydeco.fr\/kd\/wp-content\/uploads\/2024\/02\/Plan-de-travail-1.png","width":166,"height":136,"caption":"Kosydeco Peintre Coloriste"},"image":{"@id":"https:\/\/www.kosydeco.fr\/kd\/#\/schema\/logo\/image\/"}}]}},"_links":{"self":[{"href":"https:\/\/www.kosydeco.fr\/kd\/wp-json\/wp\/v2\/pages\/1874"}],"collection":[{"href":"https:\/\/www.kosydeco.fr\/kd\/wp-json\/wp\/v2\/pages"}],"about":[{"href":"https:\/\/www.kosydeco.fr\/kd\/wp-json\/wp\/v2\/types\/page"}],"author":[{"embeddable":true,"href":"https:\/\/www.kosydeco.fr\/kd\/wp-json\/wp\/v2\/users\/4"}],"replies":[{"embeddable":true,"href":"https:\/\/www.kosydeco.fr\/kd\/wp-json\/wp\/v2\/comments?post=1874"}],"version-history":[{"count":9,"href":"https:\/\/www.kosydeco.fr\/kd\/wp-json\/wp\/v2\/pages\/1874\/revisions"}],"predecessor-version":[{"id":2360,"href":"https:\/\/www.kosydeco.fr\/kd\/wp-json\/wp\/v2\/pages\/1874\/revisions\/2360"}],"wp:attachment":[{"href":"https:\/\/www.kosydeco.fr\/kd\/wp-json\/wp\/v2\/media?parent=1874"}],"curies":[{"name":"wp","href":"https:\/\/api.w.org\/{rel}","templated":true}]}}