{"id":1862,"date":"2020-10-01T22:30:02","date_gmt":"2020-10-01T20:30:02","guid":{"rendered":"https:\/\/www.kosydeco.fr\/kd\/?page_id=1862"},"modified":"2020-11-08T21:46:02","modified_gmt":"2020-11-08T20:46:02","slug":"realisations-des-peintures-et-decors","status":"publish","type":"page","link":"https:\/\/www.kosydeco.fr\/kd\/realisations-des-peintures-et-decors\/","title":{"rendered":"R\u00e9alisations des peintures et d\u00e9cors"},"content":{"rendered":"\t\t<div data-elementor-type=\"wp-page\" data-elementor-id=\"1862\" class=\"elementor elementor-1862\" data-elementor-settings=\"[]\">\n\t\t\t\t\t\t<div class=\"elementor-inner\">\n\t\t\t\t\t\t\t<div class=\"elementor-section-wrap\">\n\t\t\t\t\t\t\t<section class=\"elementor-section elementor-top-section elementor-element elementor-element-89894dd elementor-section-boxed elementor-section-height-default elementor-section-height-default\" data-id=\"89894dd\" data-element_type=\"section\">\n\t\t\t\t\t\t<div class=\"elementor-container elementor-column-gap-default\">\n\t\t\t\t\t\t\t<div class=\"elementor-row\">\n\t\t\t\t\t<div class=\"elementor-column elementor-col-100 elementor-top-column elementor-element elementor-element-39fc7cb\" data-id=\"39fc7cb\" data-element_type=\"column\">\n\t\t\t<div class=\"elementor-column-wrap elementor-element-populated\">\n\t\t\t\t\t\t\t<div class=\"elementor-widget-wrap\">\n\t\t\t\t\t\t<div class=\"elementor-element elementor-element-6a165bb elementor-widget elementor-widget-text-editor\" data-id=\"6a165bb\" data-element_type=\"widget\" data-widget_type=\"text-editor.default\">\n\t\t\t\t<div class=\"elementor-widget-container\">\n\t\t\t\t\t<div class=\"elementor-text-editor elementor-clearfix\"><h1>Peintre coloriste aupr\u00e8s de particuliers et professionnels<\/h1><\/div>\n\t\t\t\t<\/div>\n\t\t\t\t<\/div>\n\t\t\t\t\t\t<\/div>\n\t\t\t\t\t<\/div>\n\t\t<\/div>\n\t\t\t\t\t\t\t\t<\/div>\n\t\t\t\t\t<\/div>\n\t\t<\/section>\n\t\t\t\t<section class=\"elementor-section elementor-top-section elementor-element elementor-element-9737dc3 elementor-section-boxed elementor-section-height-default elementor-section-height-default\" data-id=\"9737dc3\" data-element_type=\"section\">\n\t\t\t\t\t\t<div class=\"elementor-container elementor-column-gap-default\">\n\t\t\t\t\t\t\t<div class=\"elementor-row\">\n\t\t\t\t\t<div class=\"elementor-column elementor-col-100 elementor-top-column elementor-element elementor-element-81c1bf6\" data-id=\"81c1bf6\" data-element_type=\"column\">\n\t\t\t<div class=\"elementor-column-wrap elementor-element-populated\">\n\t\t\t\t\t\t\t<div class=\"elementor-widget-wrap\">\n\t\t\t\t\t\t<section class=\"elementor-section elementor-inner-section elementor-element elementor-element-91b6770 elementor-section-boxed elementor-section-height-default elementor-section-height-default\" data-id=\"91b6770\" data-element_type=\"section\">\n\t\t\t\t\t\t<div class=\"elementor-container elementor-column-gap-default\">\n\t\t\t\t\t\t\t<div class=\"elementor-row\">\n\t\t\t\t\t<div class=\"elementor-column elementor-col-50 elementor-inner-column elementor-element elementor-element-ee35048\" data-id=\"ee35048\" data-element_type=\"column\">\n\t\t\t<div class=\"elementor-column-wrap elementor-element-populated\">\n\t\t\t\t\t\t\t<div class=\"elementor-widget-wrap\">\n\t\t\t\t\t\t<div class=\"elementor-element elementor-element-c003462 elementor-widget elementor-widget-text-editor\" data-id=\"c003462\" data-element_type=\"widget\" data-widget_type=\"text-editor.default\">\n\t\t\t\t<div class=\"elementor-widget-container\">\n\t\t\t\t\t<div class=\"elementor-text-editor elementor-clearfix\"><p>Pour vous, KOSYDECO\u00a0a fait le choix d&#8217;une gamme de peintures et rev\u00eatements d\u00e9coratifs de qualit\u00e9, respectueuse de l&#8217;environnement.<\/p><p><strong>KOSYDECO\u00a0<\/strong>\u00a0pourra intervenir dans les domaines suivants :<\/p><ul class=\"tick\"><li><strong>Peinture int\u00e9rieur : mate, satin, velours&#8230;<\/strong><\/li><li><strong>Peinture \u00e0 effets, scintillante, changeant de couleurs&#8230;<\/strong><\/li><li><strong>Patine \u00e0 l&#8217;ancienne<\/strong><\/li><li><strong>Enduit d\u00e9coratif int\u00e9rieur : en poudre de marbre, \u00e0 la chaux, stuc v\u00e9nitien<\/strong><\/li><li><strong>Papiers peints, toile de verre<\/strong><\/li><li><strong>Panorama<\/strong><\/li><\/ul><\/div>\n\t\t\t\t<\/div>\n\t\t\t\t<\/div>\n\t\t\t\t\t\t<\/div>\n\t\t\t\t\t<\/div>\n\t\t<\/div>\n\t\t\t\t<div class=\"elementor-column elementor-col-50 elementor-inner-column elementor-element elementor-element-3a4e985\" data-id=\"3a4e985\" data-element_type=\"column\">\n\t\t\t<div class=\"elementor-column-wrap elementor-element-populated\">\n\t\t\t\t\t\t\t<div class=\"elementor-widget-wrap\">\n\t\t\t\t\t\t<div class=\"elementor-element elementor-element-e9fc918 elementor-widget elementor-widget-image\" data-id=\"e9fc918\" data-element_type=\"widget\" data-widget_type=\"image.default\">\n\t\t\t\t<div class=\"elementor-widget-container\">\n\t\t\t\t\t<div class=\"elementor-image\">\n\t\t\t\t\t\t\t<figure class=\"wp-caption\">\n\t\t\t\t\t\t\t\t\t\t\t<a href=\"https:\/\/www.lemas-desoliviers.fr\/\">\n\t\t\t\t\t\t\t<img loading=\"lazy\" decoding=\"async\" width=\"800\" height=\"519\" src=\"https:\/\/www.kosydeco.fr\/kd\/wp-content\/uploads\/2019\/12\/19510665_247213865773150_8364483233580271522_n.jpg\" class=\"attachment-large size-large\" alt=\"Restaurant Le Mas des Oliviers - 1\" srcset=\"https:\/\/www.kosydeco.fr\/kd\/wp-content\/uploads\/2019\/12\/19510665_247213865773150_8364483233580271522_n.jpg 960w, https:\/\/www.kosydeco.fr\/kd\/wp-content\/uploads\/2019\/12\/19510665_247213865773150_8364483233580271522_n-300x195.jpg 300w, https:\/\/www.kosydeco.fr\/kd\/wp-content\/uploads\/2019\/12\/19510665_247213865773150_8364483233580271522_n-768x498.jpg 768w\" sizes=\"(max-width: 800px) 100vw, 800px\" \/>\t\t\t\t\t\t\t\t<\/a>\n\t\t\t\t\t\t\t\t\t\t\t<figcaption class=\"widget-image-caption wp-caption-text\">Le Mas des Oliviers - Saint Herblain<\/figcaption>\n\t\t\t\t\t\t\t\t\t\t<\/figure>\n\t\t\t\t\t<\/div>\n\t\t\t\t<\/div>\n\t\t\t\t<\/div>\n\t\t\t\t\t\t<\/div>\n\t\t\t\t\t<\/div>\n\t\t<\/div>\n\t\t\t\t\t\t\t\t<\/div>\n\t\t\t\t\t<\/div>\n\t\t<\/section>\n\t\t\t\t\t\t<\/div>\n\t\t\t\t\t<\/div>\n\t\t<\/div>\n\t\t\t\t\t\t\t\t<\/div>\n\t\t\t\t\t<\/div>\n\t\t<\/section>\n\t\t\t\t<section class=\"elementor-section elementor-top-section elementor-element elementor-element-e03f4b0 elementor-section-boxed elementor-section-height-default elementor-section-height-default\" data-id=\"e03f4b0\" data-element_type=\"section\">\n\t\t\t\t\t\t<div class=\"elementor-container elementor-column-gap-default\">\n\t\t\t\t\t\t\t<div class=\"elementor-row\">\n\t\t\t\t\t<div class=\"elementor-column elementor-col-50 elementor-top-column elementor-element elementor-element-574d995\" data-id=\"574d995\" data-element_type=\"column\">\n\t\t\t<div class=\"elementor-column-wrap elementor-element-populated\">\n\t\t\t\t\t\t\t<div class=\"elementor-widget-wrap\">\n\t\t\t\t\t\t<div class=\"elementor-element elementor-element-f30f1fd elementor-widget elementor-widget-image\" data-id=\"f30f1fd\" data-element_type=\"widget\" data-widget_type=\"image.default\">\n\t\t\t\t<div class=\"elementor-widget-container\">\n\t\t\t\t\t<div class=\"elementor-image\">\n\t\t\t\t\t\t\t<figure class=\"wp-caption\">\n\t\t\t\t\t\t\t\t\t\t\t<a href=\"https:\/\/www.laprisondubouffay.fr\/\">\n\t\t\t\t\t\t\t<img loading=\"lazy\" decoding=\"async\" width=\"768\" height=\"966\" src=\"https:\/\/www.kosydeco.fr\/kd\/wp-content\/uploads\/2020\/04\/IMG_20200124_113439-768x966.jpg\" class=\"attachment-medium_large size-medium_large\" alt=\"Restaurant La prison du Bouffay - 7\" srcset=\"https:\/\/www.kosydeco.fr\/kd\/wp-content\/uploads\/2020\/04\/IMG_20200124_113439-768x966.jpg 768w, https:\/\/www.kosydeco.fr\/kd\/wp-content\/uploads\/2020\/04\/IMG_20200124_113439-238x300.jpg 238w, https:\/\/www.kosydeco.fr\/kd\/wp-content\/uploads\/2020\/04\/IMG_20200124_113439-814x1024.jpg 814w, https:\/\/www.kosydeco.fr\/kd\/wp-content\/uploads\/2020\/04\/IMG_20200124_113439-1221x1536.jpg 1221w, https:\/\/www.kosydeco.fr\/kd\/wp-content\/uploads\/2020\/04\/IMG_20200124_113439-1628x2048.jpg 1628w, https:\/\/www.kosydeco.fr\/kd\/wp-content\/uploads\/2020\/04\/IMG_20200124_113439-scaled.jpg 2035w\" sizes=\"(max-width: 768px) 100vw, 768px\" \/>\t\t\t\t\t\t\t\t<\/a>\n\t\t\t\t\t\t\t\t\t\t\t<figcaption class=\"widget-image-caption wp-caption-text\">La Prison du Bouffay - Nantes<\/figcaption>\n\t\t\t\t\t\t\t\t\t\t<\/figure>\n\t\t\t\t\t<\/div>\n\t\t\t\t<\/div>\n\t\t\t\t<\/div>\n\t\t\t\t\t\t<\/div>\n\t\t\t\t\t<\/div>\n\t\t<\/div>\n\t\t\t\t<div class=\"elementor-column elementor-col-50 elementor-top-column elementor-element elementor-element-8be5ee7\" data-id=\"8be5ee7\" data-element_type=\"column\">\n\t\t\t<div class=\"elementor-column-wrap elementor-element-populated\">\n\t\t\t\t\t\t\t<div class=\"elementor-widget-wrap\">\n\t\t\t\t\t\t<div class=\"elementor-element elementor-element-573bc14 elementor-widget elementor-widget-image\" data-id=\"573bc14\" data-element_type=\"widget\" data-widget_type=\"image.default\">\n\t\t\t\t<div class=\"elementor-widget-container\">\n\t\t\t\t\t<div class=\"elementor-image\">\n\t\t\t\t\t\t\t<figure class=\"wp-caption\">\n\t\t\t\t\t\t\t\t\t\t<img loading=\"lazy\" decoding=\"async\" width=\"768\" height=\"1024\" src=\"https:\/\/www.kosydeco.fr\/kd\/wp-content\/uploads\/2020\/11\/IMG_20190222_173140-768x1024.jpg\" class=\"attachment-large size-large\" alt=\"projet ste luce Kosydeco\" srcset=\"https:\/\/www.kosydeco.fr\/kd\/wp-content\/uploads\/2020\/11\/IMG_20190222_173140-768x1024.jpg 768w, https:\/\/www.kosydeco.fr\/kd\/wp-content\/uploads\/2020\/11\/IMG_20190222_173140-225x300.jpg 225w, https:\/\/www.kosydeco.fr\/kd\/wp-content\/uploads\/2020\/11\/IMG_20190222_173140-1152x1536.jpg 1152w, https:\/\/www.kosydeco.fr\/kd\/wp-content\/uploads\/2020\/11\/IMG_20190222_173140-1536x2048.jpg 1536w, https:\/\/www.kosydeco.fr\/kd\/wp-content\/uploads\/2020\/11\/IMG_20190222_173140-scaled.jpg 1920w\" sizes=\"(max-width: 768px) 100vw, 768px\" \/>\t\t\t\t\t\t\t\t\t\t\t<figcaption class=\"widget-image-caption wp-caption-text\">Projet Ste Luce sur loire- Kosydeco<\/figcaption>\n\t\t\t\t\t\t\t\t\t\t<\/figure>\n\t\t\t\t\t<\/div>\n\t\t\t\t<\/div>\n\t\t\t\t<\/div>\n\t\t\t\t\t\t<\/div>\n\t\t\t\t\t<\/div>\n\t\t<\/div>\n\t\t\t\t\t\t\t\t<\/div>\n\t\t\t\t\t<\/div>\n\t\t<\/section>\n\t\t\t\t<section class=\"elementor-section elementor-top-section elementor-element elementor-element-279956b elementor-section-boxed elementor-section-height-default elementor-section-height-default\" data-id=\"279956b\" data-element_type=\"section\">\n\t\t\t\t\t\t<div class=\"elementor-container elementor-column-gap-default\">\n\t\t\t\t\t\t\t<div class=\"elementor-row\">\n\t\t\t\t\t<div class=\"elementor-column elementor-col-100 elementor-top-column elementor-element elementor-element-3883b9c\" data-id=\"3883b9c\" data-element_type=\"column\">\n\t\t\t<div class=\"elementor-column-wrap\">\n\t\t\t\t\t\t\t<div class=\"elementor-widget-wrap\">\n\t\t\t\t\t\t\t\t<\/div>\n\t\t\t\t\t<\/div>\n\t\t<\/div>\n\t\t\t\t\t\t\t\t<\/div>\n\t\t\t\t\t<\/div>\n\t\t<\/section>\n\t\t\t\t<section class=\"elementor-section elementor-top-section elementor-element elementor-element-c88f929 elementor-section-boxed elementor-section-height-default elementor-section-height-default\" data-id=\"c88f929\" data-element_type=\"section\">\n\t\t\t\t\t\t<div class=\"elementor-container elementor-column-gap-default\">\n\t\t\t\t\t\t\t<div class=\"elementor-row\">\n\t\t\t\t\t<div class=\"elementor-column elementor-col-100 elementor-top-column elementor-element elementor-element-a3b3c18\" data-id=\"a3b3c18\" data-element_type=\"column\">\n\t\t\t<div class=\"elementor-column-wrap elementor-element-populated\">\n\t\t\t\t\t\t\t<div class=\"elementor-widget-wrap\">\n\t\t\t\t\t\t<div class=\"elementor-element elementor-element-efbb8d0 elementor-align-center elementor-widget elementor-widget-button\" data-id=\"efbb8d0\" data-element_type=\"widget\" data-widget_type=\"button.default\">\n\t\t\t\t<div class=\"elementor-widget-container\">\n\t\t\t\t\t<div class=\"elementor-button-wrapper\">\n\t\t\t<a href=\"#\" class=\"elementor-button-link elementor-button elementor-size-sm\" role=\"button\">\n\t\t\t\t\t\t<span class=\"elementor-button-content-wrapper\">\n\t\t\t\t\t\t<span class=\"elementor-button-text\">Besoin d'un devis ?<\/span>\n\t\t<\/span>\n\t\t\t\t\t<\/a>\n\t\t<\/div>\n\t\t\t\t<\/div>\n\t\t\t\t<\/div>\n\t\t\t\t\t\t<\/div>\n\t\t\t\t\t<\/div>\n\t\t<\/div>\n\t\t\t\t\t\t\t\t<\/div>\n\t\t\t\t\t<\/div>\n\t\t<\/section>\n\t\t\t\t\t\t<\/div>\n\t\t\t\t\t\t<\/div>\n\t\t\t\t\t<\/div>\n\t\t","protected":false},"excerpt":{"rendered":"<p>Peintre coloriste aupr\u00e8s de particuliers et professionnels Pour vous, KOSYDECO\u00a0a fait le choix d&#8217;une gamme de peintures et rev\u00eatements d\u00e9coratifs de qualit\u00e9, respectueuse de l&#8217;environnement. KOSYDECO\u00a0\u00a0pourra intervenir dans les domaines &#8230;<\/p>\n","protected":false},"author":4,"featured_media":0,"parent":0,"menu_order":0,"comment_status":"closed","ping_status":"closed","template":"","meta":{"footnotes":""},"yoast_head":"<!-- This site is optimized with the Yoast SEO plugin v22.0 - https:\/\/yoast.com\/wordpress\/plugins\/seo\/ -->\n<title>R\u00e9alisations des peintures et d\u00e9cors - Kosydeco Peintre Coloriste<\/title>\n<meta name=\"robots\" content=\"index, follow, max-snippet:-1, max-image-preview:large, max-video-preview:-1\" \/>\n<link rel=\"canonical\" href=\"https:\/\/www.kosydeco.fr\/kd\/realisations-des-peintures-et-decors\/\" \/>\n<meta property=\"og:locale\" content=\"fr_FR\" \/>\n<meta property=\"og:type\" content=\"article\" \/>\n<meta property=\"og:title\" content=\"R\u00e9alisations des peintures et d\u00e9cors - Kosydeco Peintre Coloriste\" \/>\n<meta property=\"og:description\" content=\"Peintre coloriste aupr\u00e8s de particuliers et professionnels Pour vous, KOSYDECO\u00a0a fait le choix d&#8217;une gamme de peintures et rev\u00eatements d\u00e9coratifs de qualit\u00e9, respectueuse de l&#8217;environnement. KOSYDECO\u00a0\u00a0pourra intervenir dans les domaines ...\" \/>\n<meta property=\"og:url\" content=\"https:\/\/www.kosydeco.fr\/kd\/realisations-des-peintures-et-decors\/\" \/>\n<meta property=\"og:site_name\" content=\"Kosydeco Peintre Coloriste\" \/>\n<meta property=\"article:modified_time\" content=\"2020-11-08T20:46:02+00:00\" \/>\n<meta property=\"og:image\" content=\"https:\/\/www.kosydeco.fr\/kd\/wp-content\/uploads\/2019\/12\/19510665_247213865773150_8364483233580271522_n.jpg\" \/>\n<meta name=\"twitter:card\" content=\"summary_large_image\" \/>\n<script type=\"application\/ld+json\" class=\"yoast-schema-graph\">{\"@context\":\"https:\/\/schema.org\",\"@graph\":[{\"@type\":\"WebPage\",\"@id\":\"https:\/\/www.kosydeco.fr\/kd\/realisations-des-peintures-et-decors\/\",\"url\":\"https:\/\/www.kosydeco.fr\/kd\/realisations-des-peintures-et-decors\/\",\"name\":\"R\u00e9alisations des peintures et d\u00e9cors - Kosydeco Peintre Coloriste\",\"isPartOf\":{\"@id\":\"https:\/\/www.kosydeco.fr\/kd\/#website\"},\"datePublished\":\"2020-10-01T20:30:02+00:00\",\"dateModified\":\"2020-11-08T20:46:02+00:00\",\"breadcrumb\":{\"@id\":\"https:\/\/www.kosydeco.fr\/kd\/realisations-des-peintures-et-decors\/#breadcrumb\"},\"inLanguage\":\"fr-FR\",\"potentialAction\":[{\"@type\":\"ReadAction\",\"target\":[\"https:\/\/www.kosydeco.fr\/kd\/realisations-des-peintures-et-decors\/\"]}]},{\"@type\":\"BreadcrumbList\",\"@id\":\"https:\/\/www.kosydeco.fr\/kd\/realisations-des-peintures-et-decors\/#breadcrumb\",\"itemListElement\":[{\"@type\":\"ListItem\",\"position\":1,\"name\":\"Accueil\",\"item\":\"https:\/\/www.kosydeco.fr\/kd\/\"},{\"@type\":\"ListItem\",\"position\":2,\"name\":\"R\u00e9alisations des peintures et d\u00e9cors\"}]},{\"@type\":\"WebSite\",\"@id\":\"https:\/\/www.kosydeco.fr\/kd\/#website\",\"url\":\"https:\/\/www.kosydeco.fr\/kd\/\",\"name\":\"Kosydeco Peintre Coloriste\",\"description\":\"Kosydeco sp\u00e9cialis\u00e9e dans la peinture, la d\u00e9coration d&#039;int\u00e9rieur, la confection de rideaux et la r\u00e9fection de fauteuils sur la r\u00e9gion nantaise.\",\"publisher\":{\"@id\":\"https:\/\/www.kosydeco.fr\/kd\/#organization\"},\"potentialAction\":[{\"@type\":\"SearchAction\",\"target\":{\"@type\":\"EntryPoint\",\"urlTemplate\":\"https:\/\/www.kosydeco.fr\/kd\/?s={search_term_string}\"},\"query-input\":\"required name=search_term_string\"}],\"inLanguage\":\"fr-FR\"},{\"@type\":\"Organization\",\"@id\":\"https:\/\/www.kosydeco.fr\/kd\/#organization\",\"name\":\"Kosydeco Peintre Coloriste\",\"url\":\"https:\/\/www.kosydeco.fr\/kd\/\",\"logo\":{\"@type\":\"ImageObject\",\"inLanguage\":\"fr-FR\",\"@id\":\"https:\/\/www.kosydeco.fr\/kd\/#\/schema\/logo\/image\/\",\"url\":\"https:\/\/www.kosydeco.fr\/kd\/wp-content\/uploads\/2024\/02\/Plan-de-travail-1.png\",\"contentUrl\":\"https:\/\/www.kosydeco.fr\/kd\/wp-content\/uploads\/2024\/02\/Plan-de-travail-1.png\",\"width\":166,\"height\":136,\"caption\":\"Kosydeco Peintre Coloriste\"},\"image\":{\"@id\":\"https:\/\/www.kosydeco.fr\/kd\/#\/schema\/logo\/image\/\"}}]}<\/script>\n<!-- \/ Yoast SEO plugin. -->","yoast_head_json":{"title":"R\u00e9alisations des peintures et d\u00e9cors - Kosydeco Peintre Coloriste","robots":{"index":"index","follow":"follow","max-snippet":"max-snippet:-1","max-image-preview":"max-image-preview:large","max-video-preview":"max-video-preview:-1"},"canonical":"https:\/\/www.kosydeco.fr\/kd\/realisations-des-peintures-et-decors\/","og_locale":"fr_FR","og_type":"article","og_title":"R\u00e9alisations des peintures et d\u00e9cors - Kosydeco Peintre Coloriste","og_description":"Peintre coloriste aupr\u00e8s de particuliers et professionnels Pour vous, KOSYDECO\u00a0a fait le choix d&#8217;une gamme de peintures et rev\u00eatements d\u00e9coratifs de qualit\u00e9, respectueuse de l&#8217;environnement. KOSYDECO\u00a0\u00a0pourra intervenir dans les domaines ...","og_url":"https:\/\/www.kosydeco.fr\/kd\/realisations-des-peintures-et-decors\/","og_site_name":"Kosydeco Peintre Coloriste","article_modified_time":"2020-11-08T20:46:02+00:00","og_image":[{"url":"https:\/\/www.kosydeco.fr\/kd\/wp-content\/uploads\/2019\/12\/19510665_247213865773150_8364483233580271522_n.jpg"}],"twitter_card":"summary_large_image","schema":{"@context":"https:\/\/schema.org","@graph":[{"@type":"WebPage","@id":"https:\/\/www.kosydeco.fr\/kd\/realisations-des-peintures-et-decors\/","url":"https:\/\/www.kosydeco.fr\/kd\/realisations-des-peintures-et-decors\/","name":"R\u00e9alisations des peintures et d\u00e9cors - Kosydeco Peintre Coloriste","isPartOf":{"@id":"https:\/\/www.kosydeco.fr\/kd\/#website"},"datePublished":"2020-10-01T20:30:02+00:00","dateModified":"2020-11-08T20:46:02+00:00","breadcrumb":{"@id":"https:\/\/www.kosydeco.fr\/kd\/realisations-des-peintures-et-decors\/#breadcrumb"},"inLanguage":"fr-FR","potentialAction":[{"@type":"ReadAction","target":["https:\/\/www.kosydeco.fr\/kd\/realisations-des-peintures-et-decors\/"]}]},{"@type":"BreadcrumbList","@id":"https:\/\/www.kosydeco.fr\/kd\/realisations-des-peintures-et-decors\/#breadcrumb","itemListElement":[{"@type":"ListItem","position":1,"name":"Accueil","item":"https:\/\/www.kosydeco.fr\/kd\/"},{"@type":"ListItem","position":2,"name":"R\u00e9alisations des peintures et d\u00e9cors"}]},{"@type":"WebSite","@id":"https:\/\/www.kosydeco.fr\/kd\/#website","url":"https:\/\/www.kosydeco.fr\/kd\/","name":"Kosydeco Peintre Coloriste","description":"Kosydeco sp\u00e9cialis\u00e9e dans la peinture, la d\u00e9coration d&#039;int\u00e9rieur, la confection de rideaux et la r\u00e9fection de fauteuils sur la r\u00e9gion nantaise.","publisher":{"@id":"https:\/\/www.kosydeco.fr\/kd\/#organization"},"potentialAction":[{"@type":"SearchAction","target":{"@type":"EntryPoint","urlTemplate":"https:\/\/www.kosydeco.fr\/kd\/?s={search_term_string}"},"query-input":"required name=search_term_string"}],"inLanguage":"fr-FR"},{"@type":"Organization","@id":"https:\/\/www.kosydeco.fr\/kd\/#organization","name":"Kosydeco Peintre Coloriste","url":"https:\/\/www.kosydeco.fr\/kd\/","logo":{"@type":"ImageObject","inLanguage":"fr-FR","@id":"https:\/\/www.kosydeco.fr\/kd\/#\/schema\/logo\/image\/","url":"https:\/\/www.kosydeco.fr\/kd\/wp-content\/uploads\/2024\/02\/Plan-de-travail-1.png","contentUrl":"https:\/\/www.kosydeco.fr\/kd\/wp-content\/uploads\/2024\/02\/Plan-de-travail-1.png","width":166,"height":136,"caption":"Kosydeco Peintre Coloriste"},"image":{"@id":"https:\/\/www.kosydeco.fr\/kd\/#\/schema\/logo\/image\/"}}]}},"_links":{"self":[{"href":"https:\/\/www.kosydeco.fr\/kd\/wp-json\/wp\/v2\/pages\/1862"}],"collection":[{"href":"https:\/\/www.kosydeco.fr\/kd\/wp-json\/wp\/v2\/pages"}],"about":[{"href":"https:\/\/www.kosydeco.fr\/kd\/wp-json\/wp\/v2\/types\/page"}],"author":[{"embeddable":true,"href":"https:\/\/www.kosydeco.fr\/kd\/wp-json\/wp\/v2\/users\/4"}],"replies":[{"embeddable":true,"href":"https:\/\/www.kosydeco.fr\/kd\/wp-json\/wp\/v2\/comments?post=1862"}],"version-history":[{"count":17,"href":"https:\/\/www.kosydeco.fr\/kd\/wp-json\/wp\/v2\/pages\/1862\/revisions"}],"predecessor-version":[{"id":2323,"href":"https:\/\/www.kosydeco.fr\/kd\/wp-json\/wp\/v2\/pages\/1862\/revisions\/2323"}],"wp:attachment":[{"href":"https:\/\/www.kosydeco.fr\/kd\/wp-json\/wp\/v2\/media?parent=1862"}],"curies":[{"name":"wp","href":"https:\/\/api.w.org\/{rel}","templated":true}]}}