{"id":1400,"date":"2020-03-08T22:53:23","date_gmt":"2020-03-08T21:53:23","guid":{"rendered":"https:\/\/www.kosydeco.fr\/kd\/?page_id=1400"},"modified":"2020-04-21T15:31:44","modified_gmt":"2020-04-21T13:31:44","slug":"nous-contacter","status":"publish","type":"page","link":"https:\/\/www.kosydeco.fr\/kd\/nous-contacter\/","title":{"rendered":"Nous contacter"},"content":{"rendered":"\t\t<div data-elementor-type=\"wp-page\" data-elementor-id=\"1400\" class=\"elementor elementor-1400\" data-elementor-settings=\"[]\">\n\t\t\t\t\t\t<div class=\"elementor-inner\">\n\t\t\t\t\t\t\t<div class=\"elementor-section-wrap\">\n\t\t\t\t\t\t\t<section class=\"elementor-section elementor-top-section elementor-element elementor-element-05d6fc3 elementor-section-boxed elementor-section-height-default elementor-section-height-default\" data-id=\"05d6fc3\" data-element_type=\"section\">\n\t\t\t\t\t\t<div class=\"elementor-container elementor-column-gap-default\">\n\t\t\t\t\t\t\t<div class=\"elementor-row\">\n\t\t\t\t\t<div class=\"elementor-column elementor-col-50 elementor-top-column elementor-element elementor-element-71fd5b5\" data-id=\"71fd5b5\" data-element_type=\"column\">\n\t\t\t<div class=\"elementor-column-wrap elementor-element-populated\">\n\t\t\t\t\t\t\t<div class=\"elementor-widget-wrap\">\n\t\t\t\t\t\t<div class=\"elementor-element elementor-element-6fa44bc elementor-widget elementor-widget-html\" data-id=\"6fa44bc\" data-element_type=\"widget\" data-widget_type=\"html.default\">\n\t\t\t\t<div class=\"elementor-widget-container\">\n\t\t\t<div class=\"wpforms-container wpforms-container-full\" id=\"wpforms-1367\"><form id=\"wpforms-form-1367\" class=\"wpforms-validate wpforms-form\" data-formid=\"1367\" method=\"post\" enctype=\"multipart\/form-data\" action=\"\/kd\/wp-json\/wp\/v2\/pages\/1400\" data-token=\"fa5a1188ff513c1de0e45b43899ea997\"><noscript class=\"wpforms-error-noscript\">Veuillez activer JavaScript dans votre navigateur pour remplir ce formulaire.<\/noscript><div class=\"wpforms-field-container\"><div id=\"wpforms-1367-field_0-container\" class=\"wpforms-field wpforms-field-name\" data-field-id=\"0\"><label class=\"wpforms-field-label\" for=\"wpforms-1367-field_0\">Nom <span class=\"wpforms-required-label\">*<\/span><\/label><div class=\"wpforms-field-row wpforms-field-medium\"><div class=\"wpforms-field-row-block wpforms-first wpforms-one-half\"><input type=\"text\" id=\"wpforms-1367-field_0\" class=\"wpforms-field-name-first wpforms-field-required\" name=\"wpforms[fields][0][first]\" required><label for=\"wpforms-1367-field_0\" class=\"wpforms-field-sublabel after \">Pr\u00e9nom<\/label><\/div><div class=\"wpforms-field-row-block wpforms-one-half\"><input type=\"text\" id=\"wpforms-1367-field_0-last\" class=\"wpforms-field-name-last wpforms-field-required\" name=\"wpforms[fields][0][last]\" required><label for=\"wpforms-1367-field_0-last\" class=\"wpforms-field-sublabel after \">Nom<\/label><\/div><\/div><\/div><div id=\"wpforms-1367-field_1-container\" class=\"wpforms-field wpforms-field-email\" data-field-id=\"1\"><label class=\"wpforms-field-label\" for=\"wpforms-1367-field_1\">E-mail <span class=\"wpforms-required-label\">*<\/span><\/label><input type=\"email\" id=\"wpforms-1367-field_1\" class=\"wpforms-field-medium wpforms-field-required\" name=\"wpforms[fields][1]\" spellcheck=\"false\" required><\/div><div id=\"wpforms-1367-field_3-container\" class=\"wpforms-field wpforms-field-number\" data-field-id=\"3\"><label class=\"wpforms-field-label\" for=\"wpforms-1367-field_3\">T\u00e9l\u00e9phone<\/label><input type=\"number\" pattern=\"\\d*\" id=\"wpforms-1367-field_3\" class=\"wpforms-field-small\" name=\"wpforms[fields][3]\" ><\/div><div id=\"wpforms-1367-field_2-container\" class=\"wpforms-field wpforms-field-textarea\" data-field-id=\"2\"><label class=\"wpforms-field-label\" for=\"wpforms-1367-field_2\">Commentaire ou message <span class=\"wpforms-required-label\">*<\/span><\/label><textarea id=\"wpforms-1367-field_2\" class=\"wpforms-field-medium wpforms-field-required\" name=\"wpforms[fields][2]\" required><\/textarea><\/div><div id=\"wpforms-1367-field_5-container\" class=\"wpforms-field wpforms-field-gdpr-checkbox\" data-field-id=\"5\"><label class=\"wpforms-field-label wpforms-label-hide\" for=\"wpforms-1367-field_5\">Accord RGPD <span class=\"wpforms-required-label\">*<\/span><\/label><ul id=\"wpforms-1367-field_5\" class=\"wpforms-field-required\"><li class=\"choice-1\"><input type=\"checkbox\" id=\"wpforms-1367-field_5_1\" name=\"wpforms[fields][5][]\" value=\"Je consens \u00e0 ce que le site KOSYDECO stocke mes informations envoy\u00e9es afin qu\u2019il puisse r\u00e9pondre \u00e0 ma requ\u00eate.\" required ><label class=\"wpforms-field-label-inline\" for=\"wpforms-1367-field_5_1\">Je consens \u00e0 ce que le site KOSYDECO stocke mes informations envoy\u00e9es afin qu\u2019il puisse r\u00e9pondre \u00e0 ma requ\u00eate. <span class=\"wpforms-required-label\">*<\/span><\/label><\/li><\/ul><\/div><\/div><!-- .wpforms-field-container --><div class=\"wpforms-field wpforms-field-hp\"><label for=\"wpforms-1367-field-hp\" class=\"wpforms-field-label\">Name<\/label><input type=\"text\" name=\"wpforms[hp]\" id=\"wpforms-1367-field-hp\" class=\"wpforms-field-medium\"><\/div><div class=\"wpforms-recaptcha-container wpforms-is-recaptcha wpforms-is-recaptcha-type-v2\" ><div class=\"g-recaptcha\" data-sitekey=\"6LeivVAUAAAAAKyzUZW4b_FCIeCOKWFxXEZN2YoX\"><\/div><input type=\"text\" name=\"g-recaptcha-hidden\" class=\"wpforms-recaptcha-hidden\" style=\"position:absolute!important;clip:rect(0,0,0,0)!important;height:1px!important;width:1px!important;border:0!important;overflow:hidden!important;padding:0!important;margin:0!important;\" data-rule-recaptcha=\"1\"><\/div><div class=\"wpforms-submit-container\" ><input type=\"hidden\" name=\"wpforms[id]\" value=\"1367\"><input type=\"hidden\" name=\"wpforms[author]\" value=\"1\"><button type=\"submit\" name=\"wpforms[submit]\" id=\"wpforms-submit-1367\" class=\"wpforms-submit form_kd_submit\" data-alt-text=\"Envoi...\" data-submit-text=\"Envoyer\" aria-live=\"assertive\" value=\"wpforms-submit\">Envoyer<\/button><\/div><\/form><\/div>  <!-- .wpforms-container -->\t\t<\/div>\n\t\t\t\t<\/div>\n\t\t\t\t\t\t<\/div>\n\t\t\t\t\t<\/div>\n\t\t<\/div>\n\t\t\t\t<div class=\"elementor-column elementor-col-50 elementor-top-column elementor-element elementor-element-294ea4b\" data-id=\"294ea4b\" data-element_type=\"column\">\n\t\t\t<div class=\"elementor-column-wrap elementor-element-populated\">\n\t\t\t\t\t\t\t<div class=\"elementor-widget-wrap\">\n\t\t\t\t\t\t<div class=\"elementor-element elementor-element-9412461 elementor-widget elementor-widget-text-editor\" data-id=\"9412461\" data-element_type=\"widget\" data-widget_type=\"text-editor.default\">\n\t\t\t\t<div class=\"elementor-widget-container\">\n\t\t\t\t\t<div class=\"elementor-text-editor elementor-clearfix\"><h4>Vous avez un projet\u2026<\/h4>\n<p align=\"justify\">N\u2019h\u00e9sitez pas \u00e0 prendre contact avec nous au moyen de ce formulaire en nous d\u00e9crivant votre projet.\nNous sommes \u00e9galement \u00e0 votre disposition par mail ou t\u00e9l\u00e9phone et serons ravis d\u2019\u00e9changer sur votre projet.<\/p>\n\n<h3 style=\"box-sizing: inherit; background-color: #ffffff;\">KOSYDECO<\/h3>\n<div style=\"box-sizing: inherit; margin-top: 5px; margin-bottom: 15px; color: #777777; font-family: 'Open Sans', Helvetica, Arial, sans-serif; background-color: #ffffff;\">\n<div style=\"box-sizing: inherit; padding-left: 5px; font-style: italic; line-height: 2;\">44119 TREILLIERES, FRANCE<\/div>\n<\/div>\n<div style=\"box-sizing: inherit; margin-top: 5px; margin-bottom: 15px; color: #777777; font-family: 'Open Sans', Helvetica, Arial, sans-serif; background-color: #ffffff;\">\n<div style=\"box-sizing: inherit; padding-left: 5px; font-style: italic; line-height: 2;\">06.51.85.00.19<\/div>\n<\/div>\n<div style=\"box-sizing: inherit; margin-top: 5px; margin-bottom: 15px; color: #777777; font-family: 'Open Sans', Helvetica, Arial, sans-serif; background-color: #ffffff;\">\n<div style=\"box-sizing: inherit; padding-left: 5px; font-style: italic; line-height: 2;\"><a style=\"box-sizing: inherit;\" href=\"mailto:contact@kosydeco.fr\">contact@kosydeco.fr<\/a><\/div>\n<\/div><\/div>\n\t\t\t\t<\/div>\n\t\t\t\t<\/div>\n\t\t\t\t<div class=\"elementor-element elementor-element-075fad7 elementor-arrows-position-inside elementor-pagination-position-outside elementor-widget elementor-widget-image-carousel\" data-id=\"075fad7\" data-element_type=\"widget\" data-settings=\"{&quot;navigation&quot;:&quot;both&quot;,&quot;autoplay&quot;:&quot;yes&quot;,&quot;pause_on_hover&quot;:&quot;yes&quot;,&quot;pause_on_interaction&quot;:&quot;yes&quot;,&quot;autoplay_speed&quot;:5000,&quot;infinite&quot;:&quot;yes&quot;,&quot;speed&quot;:500}\" data-widget_type=\"image-carousel.default\">\n\t\t\t\t<div class=\"elementor-widget-container\">\n\t\t\t\t\t<div class=\"elementor-image-carousel-wrapper swiper-container\" dir=\"ltr\">\n\t\t\t<div class=\"elementor-image-carousel swiper-wrapper\">\n\t\t\t\t<div class=\"swiper-slide\"><figure class=\"swiper-slide-inner\"><img decoding=\"async\" class=\"swiper-slide-image\" src=\"https:\/\/www.kosydeco.fr\/kd\/wp-content\/uploads\/2020\/04\/utilitaire_kosydeco-150x150.png\" alt=\"utilitaire_kosydeco\" \/><\/figure><\/div><div class=\"swiper-slide\"><figure class=\"swiper-slide-inner\"><img decoding=\"async\" class=\"swiper-slide-image\" src=\"https:\/\/www.kosydeco.fr\/kd\/wp-content\/uploads\/2020\/04\/IMG_20200123_1552022-150x150.jpg\" alt=\"Restaurant La prison du Bouffay - 3\" \/><\/figure><\/div><div class=\"swiper-slide\"><figure class=\"swiper-slide-inner\"><img decoding=\"async\" class=\"swiper-slide-image\" src=\"https:\/\/www.kosydeco.fr\/kd\/wp-content\/uploads\/2020\/04\/IMG_20191112_143426-150x150.jpg\" alt=\"Restaurant La prison du Bouffay - 2\" \/><\/figure><\/div><div class=\"swiper-slide\"><figure class=\"swiper-slide-inner\"><img decoding=\"async\" class=\"swiper-slide-image\" src=\"https:\/\/www.kosydeco.fr\/kd\/wp-content\/uploads\/2020\/04\/luxury-kosydeco-4-150x150.jpg\" alt=\"luxury kosydeco (4)\" \/><\/figure><\/div>\t\t\t<\/div>\n\t\t\t\t\t\t\t\t\t\t\t\t<div class=\"swiper-pagination\"><\/div>\n\t\t\t\t\t\t\t\t\t\t\t\t\t<div class=\"elementor-swiper-button elementor-swiper-button-prev\">\n\t\t\t\t\t\t<i class=\"eicon-chevron-left\" aria-hidden=\"true\"><\/i>\n\t\t\t\t\t\t<span class=\"elementor-screen-only\">Pr\u00e9c\u00e9dent<\/span>\n\t\t\t\t\t<\/div>\n\t\t\t\t\t<div class=\"elementor-swiper-button elementor-swiper-button-next\">\n\t\t\t\t\t\t<i class=\"eicon-chevron-right\" aria-hidden=\"true\"><\/i>\n\t\t\t\t\t\t<span class=\"elementor-screen-only\">Suivant<\/span>\n\t\t\t\t\t<\/div>\n\t\t\t\t\t\t\t\t\t<\/div>\n\t\t\t\t<\/div>\n\t\t\t\t<\/div>\n\t\t\t\t\t\t<\/div>\n\t\t\t\t\t<\/div>\n\t\t<\/div>\n\t\t\t\t\t\t\t\t<\/div>\n\t\t\t\t\t<\/div>\n\t\t<\/section>\n\t\t\t\t\t\t<\/div>\n\t\t\t\t\t\t<\/div>\n\t\t\t\t\t<\/div>\n\t\t","protected":false},"excerpt":{"rendered":"<p>Vous avez un projet\u2026 N\u2019h\u00e9sitez pas \u00e0 prendre contact avec nous au moyen de ce formulaire en nous d\u00e9crivant votre projet. Nous sommes \u00e9galement \u00e0 votre disposition par mail ou &#8230;<\/p>\n","protected":false},"author":1,"featured_media":0,"parent":0,"menu_order":0,"comment_status":"closed","ping_status":"closed","template":"","meta":{"footnotes":""},"yoast_head":"<!-- This site is optimized with the Yoast SEO plugin v22.0 - https:\/\/yoast.com\/wordpress\/plugins\/seo\/ -->\n<title>Nous contacter - Kosydeco Peintre Coloriste<\/title>\n<meta name=\"robots\" content=\"index, follow, max-snippet:-1, max-image-preview:large, max-video-preview:-1\" \/>\n<link rel=\"canonical\" href=\"https:\/\/www.kosydeco.fr\/kd\/nous-contacter\/\" \/>\n<meta property=\"og:locale\" content=\"fr_FR\" \/>\n<meta property=\"og:type\" content=\"article\" \/>\n<meta property=\"og:title\" content=\"Nous contacter - Kosydeco Peintre Coloriste\" \/>\n<meta property=\"og:description\" content=\"Vous avez un projet\u2026 N\u2019h\u00e9sitez pas \u00e0 prendre contact avec nous au moyen de ce formulaire en nous d\u00e9crivant votre projet. Nous sommes \u00e9galement \u00e0 votre disposition par mail ou ...\" \/>\n<meta property=\"og:url\" content=\"https:\/\/www.kosydeco.fr\/kd\/nous-contacter\/\" \/>\n<meta property=\"og:site_name\" content=\"Kosydeco Peintre Coloriste\" \/>\n<meta property=\"article:modified_time\" content=\"2020-04-21T13:31:44+00:00\" \/>\n<meta property=\"og:image\" content=\"https:\/\/www.kosydeco.fr\/kd\/wp-content\/uploads\/2020\/04\/utilitaire_kosydeco-150x150.png\" \/>\n<meta name=\"twitter:card\" content=\"summary_large_image\" \/>\n<script type=\"application\/ld+json\" class=\"yoast-schema-graph\">{\"@context\":\"https:\/\/schema.org\",\"@graph\":[{\"@type\":\"WebPage\",\"@id\":\"https:\/\/www.kosydeco.fr\/kd\/nous-contacter\/\",\"url\":\"https:\/\/www.kosydeco.fr\/kd\/nous-contacter\/\",\"name\":\"Nous contacter - Kosydeco Peintre Coloriste\",\"isPartOf\":{\"@id\":\"https:\/\/www.kosydeco.fr\/kd\/#website\"},\"datePublished\":\"2020-03-08T21:53:23+00:00\",\"dateModified\":\"2020-04-21T13:31:44+00:00\",\"breadcrumb\":{\"@id\":\"https:\/\/www.kosydeco.fr\/kd\/nous-contacter\/#breadcrumb\"},\"inLanguage\":\"fr-FR\",\"potentialAction\":[{\"@type\":\"ReadAction\",\"target\":[\"https:\/\/www.kosydeco.fr\/kd\/nous-contacter\/\"]}]},{\"@type\":\"BreadcrumbList\",\"@id\":\"https:\/\/www.kosydeco.fr\/kd\/nous-contacter\/#breadcrumb\",\"itemListElement\":[{\"@type\":\"ListItem\",\"position\":1,\"name\":\"Accueil\",\"item\":\"https:\/\/www.kosydeco.fr\/kd\/\"},{\"@type\":\"ListItem\",\"position\":2,\"name\":\"Nous contacter\"}]},{\"@type\":\"WebSite\",\"@id\":\"https:\/\/www.kosydeco.fr\/kd\/#website\",\"url\":\"https:\/\/www.kosydeco.fr\/kd\/\",\"name\":\"Kosydeco Peintre Coloriste\",\"description\":\"Kosydeco sp\u00e9cialis\u00e9e dans la peinture, la d\u00e9coration d&#039;int\u00e9rieur, la confection de rideaux et la r\u00e9fection de fauteuils sur la r\u00e9gion nantaise.\",\"publisher\":{\"@id\":\"https:\/\/www.kosydeco.fr\/kd\/#organization\"},\"potentialAction\":[{\"@type\":\"SearchAction\",\"target\":{\"@type\":\"EntryPoint\",\"urlTemplate\":\"https:\/\/www.kosydeco.fr\/kd\/?s={search_term_string}\"},\"query-input\":\"required name=search_term_string\"}],\"inLanguage\":\"fr-FR\"},{\"@type\":\"Organization\",\"@id\":\"https:\/\/www.kosydeco.fr\/kd\/#organization\",\"name\":\"Kosydeco Peintre Coloriste\",\"url\":\"https:\/\/www.kosydeco.fr\/kd\/\",\"logo\":{\"@type\":\"ImageObject\",\"inLanguage\":\"fr-FR\",\"@id\":\"https:\/\/www.kosydeco.fr\/kd\/#\/schema\/logo\/image\/\",\"url\":\"https:\/\/www.kosydeco.fr\/kd\/wp-content\/uploads\/2024\/02\/Plan-de-travail-1.png\",\"contentUrl\":\"https:\/\/www.kosydeco.fr\/kd\/wp-content\/uploads\/2024\/02\/Plan-de-travail-1.png\",\"width\":166,\"height\":136,\"caption\":\"Kosydeco Peintre Coloriste\"},\"image\":{\"@id\":\"https:\/\/www.kosydeco.fr\/kd\/#\/schema\/logo\/image\/\"}}]}<\/script>\n<!-- \/ Yoast SEO plugin. -->","yoast_head_json":{"title":"Nous contacter - Kosydeco Peintre Coloriste","robots":{"index":"index","follow":"follow","max-snippet":"max-snippet:-1","max-image-preview":"max-image-preview:large","max-video-preview":"max-video-preview:-1"},"canonical":"https:\/\/www.kosydeco.fr\/kd\/nous-contacter\/","og_locale":"fr_FR","og_type":"article","og_title":"Nous contacter - Kosydeco Peintre Coloriste","og_description":"Vous avez un projet\u2026 N\u2019h\u00e9sitez pas \u00e0 prendre contact avec nous au moyen de ce formulaire en nous d\u00e9crivant votre projet. Nous sommes \u00e9galement \u00e0 votre disposition par mail ou ...","og_url":"https:\/\/www.kosydeco.fr\/kd\/nous-contacter\/","og_site_name":"Kosydeco Peintre Coloriste","article_modified_time":"2020-04-21T13:31:44+00:00","og_image":[{"url":"https:\/\/www.kosydeco.fr\/kd\/wp-content\/uploads\/2020\/04\/utilitaire_kosydeco-150x150.png"}],"twitter_card":"summary_large_image","schema":{"@context":"https:\/\/schema.org","@graph":[{"@type":"WebPage","@id":"https:\/\/www.kosydeco.fr\/kd\/nous-contacter\/","url":"https:\/\/www.kosydeco.fr\/kd\/nous-contacter\/","name":"Nous contacter - Kosydeco Peintre Coloriste","isPartOf":{"@id":"https:\/\/www.kosydeco.fr\/kd\/#website"},"datePublished":"2020-03-08T21:53:23+00:00","dateModified":"2020-04-21T13:31:44+00:00","breadcrumb":{"@id":"https:\/\/www.kosydeco.fr\/kd\/nous-contacter\/#breadcrumb"},"inLanguage":"fr-FR","potentialAction":[{"@type":"ReadAction","target":["https:\/\/www.kosydeco.fr\/kd\/nous-contacter\/"]}]},{"@type":"BreadcrumbList","@id":"https:\/\/www.kosydeco.fr\/kd\/nous-contacter\/#breadcrumb","itemListElement":[{"@type":"ListItem","position":1,"name":"Accueil","item":"https:\/\/www.kosydeco.fr\/kd\/"},{"@type":"ListItem","position":2,"name":"Nous contacter"}]},{"@type":"WebSite","@id":"https:\/\/www.kosydeco.fr\/kd\/#website","url":"https:\/\/www.kosydeco.fr\/kd\/","name":"Kosydeco Peintre Coloriste","description":"Kosydeco sp\u00e9cialis\u00e9e dans la peinture, la d\u00e9coration d&#039;int\u00e9rieur, la confection de rideaux et la r\u00e9fection de fauteuils sur la r\u00e9gion nantaise.","publisher":{"@id":"https:\/\/www.kosydeco.fr\/kd\/#organization"},"potentialAction":[{"@type":"SearchAction","target":{"@type":"EntryPoint","urlTemplate":"https:\/\/www.kosydeco.fr\/kd\/?s={search_term_string}"},"query-input":"required name=search_term_string"}],"inLanguage":"fr-FR"},{"@type":"Organization","@id":"https:\/\/www.kosydeco.fr\/kd\/#organization","name":"Kosydeco Peintre Coloriste","url":"https:\/\/www.kosydeco.fr\/kd\/","logo":{"@type":"ImageObject","inLanguage":"fr-FR","@id":"https:\/\/www.kosydeco.fr\/kd\/#\/schema\/logo\/image\/","url":"https:\/\/www.kosydeco.fr\/kd\/wp-content\/uploads\/2024\/02\/Plan-de-travail-1.png","contentUrl":"https:\/\/www.kosydeco.fr\/kd\/wp-content\/uploads\/2024\/02\/Plan-de-travail-1.png","width":166,"height":136,"caption":"Kosydeco Peintre Coloriste"},"image":{"@id":"https:\/\/www.kosydeco.fr\/kd\/#\/schema\/logo\/image\/"}}]}},"_links":{"self":[{"href":"https:\/\/www.kosydeco.fr\/kd\/wp-json\/wp\/v2\/pages\/1400"}],"collection":[{"href":"https:\/\/www.kosydeco.fr\/kd\/wp-json\/wp\/v2\/pages"}],"about":[{"href":"https:\/\/www.kosydeco.fr\/kd\/wp-json\/wp\/v2\/types\/page"}],"author":[{"embeddable":true,"href":"https:\/\/www.kosydeco.fr\/kd\/wp-json\/wp\/v2\/users\/1"}],"replies":[{"embeddable":true,"href":"https:\/\/www.kosydeco.fr\/kd\/wp-json\/wp\/v2\/comments?post=1400"}],"version-history":[{"count":10,"href":"https:\/\/www.kosydeco.fr\/kd\/wp-json\/wp\/v2\/pages\/1400\/revisions"}],"predecessor-version":[{"id":1769,"href":"https:\/\/www.kosydeco.fr\/kd\/wp-json\/wp\/v2\/pages\/1400\/revisions\/1769"}],"wp:attachment":[{"href":"https:\/\/www.kosydeco.fr\/kd\/wp-json\/wp\/v2\/media?parent=1400"}],"curies":[{"name":"wp","href":"https:\/\/api.w.org\/{rel}","templated":true}]}}